{"id":47664,"date":"2020-06-02T12:58:27","date_gmt":"2020-06-02T12:58:27","guid":{"rendered":"https:\/\/www.irrisarriland.com\/equipe\/"},"modified":"2025-05-13T06:54:52","modified_gmt":"2025-05-13T06:54:52","slug":"equipe","status":"publish","type":"page","link":"https:\/\/www.irrisarriland.com\/fr\/equipe\/","title":{"rendered":"Equipe"},"content":{"rendered":"<p><div class=\"fusion-fullwidth fullwidth-box fusion-builder-row-1 nonhundred-percent-fullwidth non-hundred-percent-height-scrolling\" style=\"--awb-border-radius-top-left:0px;--awb-border-radius-top-right:0px;--awb-border-radius-bottom-right:0px;--awb-border-radius-bottom-left:0px;--awb-flex-wrap:wrap;\" ><div class=\"fusion-builder-row fusion-row\"><div class=\"fusion-layout-column fusion_builder_column fusion-builder-column-0 fusion_builder_column_1_1 1_1 fusion-one-full fusion-column-first fusion-column-last\" style=\"--awb-bg-size:cover;--awb-margin-bottom:0px;\"><div class=\"fusion-column-wrapper fusion-column-has-shadow fusion-flex-column-wrapper-legacy\"><div class=\"fusion-image-element fusion-image-align-center in-legacy-container\" style=\"text-align:center;--awb-caption-title-font-family:var(--h2_typography-font-family);--awb-caption-title-font-weight:var(--h2_typography-font-weight);--awb-caption-title-font-style:var(--h2_typography-font-style);--awb-caption-title-size:var(--h2_typography-font-size);--awb-caption-title-transform:var(--h2_typography-text-transform);--awb-caption-title-line-height:var(--h2_typography-line-height);--awb-caption-title-letter-spacing:var(--h2_typography-letter-spacing);\"><div class=\"imageframe-align-center\"><span class=\" fusion-imageframe imageframe-none imageframe-1 hover-type-none\" style=\"border-radius:10px;\"><img decoding=\"async\" width=\"300\" height=\"200\" title=\"DSC00711 (1)\" src=\"https:\/\/www.irrisarriland.com\/wp-content\/uploads\/2025\/05\/DSC00711-1-300x200.jpg\" alt class=\"img-responsive wp-image-54034\" srcset=\"https:\/\/www.irrisarriland.com\/wp-content\/uploads\/2025\/05\/DSC00711-1-200x134.jpg 200w, https:\/\/www.irrisarriland.com\/wp-content\/uploads\/2025\/05\/DSC00711-1-400x267.jpg 400w, https:\/\/www.irrisarriland.com\/wp-content\/uploads\/2025\/05\/DSC00711-1-600x400.jpg 600w, https:\/\/www.irrisarriland.com\/wp-content\/uploads\/2025\/05\/DSC00711-1-800x534.jpg 800w, https:\/\/www.irrisarriland.com\/wp-content\/uploads\/2025\/05\/DSC00711-1-1200x802.jpg 1200w, https:\/\/www.irrisarriland.com\/wp-content\/uploads\/2025\/05\/DSC00711-1-scaled.jpg 1920w\" sizes=\"(max-width: 768px) 100vw, 300px\" \/><\/span><\/div><\/div><div class=\"fusion-clearfix\"><\/div><\/div><\/div><\/div><\/div><div class=\"fusion-fullwidth fullwidth-box fusion-builder-row-2 nonhundred-percent-fullwidth non-hundred-percent-height-scrolling\" style=\"--awb-border-radius-top-left:0px;--awb-border-radius-top-right:0px;--awb-border-radius-bottom-right:0px;--awb-border-radius-bottom-left:0px;--awb-margin-bottom:8em;--awb-flex-wrap:wrap;\" ><div class=\"fusion-builder-row fusion-row\"><div class=\"fusion-layout-column fusion_builder_column fusion-builder-column-1 fusion_builder_column_1_1 1_1 fusion-one-full fusion-column-first fusion-column-last\" style=\"--awb-bg-size:cover;--awb-margin-bottom:0px;\"><div class=\"fusion-column-wrapper fusion-column-has-shadow fusion-flex-column-wrapper-legacy\"><div class=\"fusion-text fusion-text-1 display-h3 text-lg-center mxw-820 my-auto\"><p>Jour apr\u00e8s jour, \u00e0 IrriSarri Land nous travaillons pour faire de ce parc une r\u00e9f\u00e9rence du divertissement et des aventures. IrriSarri est l\u00e0 pour vous, pour vous en faire profiter au maximum et pour que vous partagiez des moments inoubliables. Nous tenons \u00e0 vous remercier de tout coeur pour la confiance que vous nous avez accord\u00e9e.<\/p>\n<p><strong>La famille et l\u2019\u00e9quipe de IrriSarri Land.<\/strong><\/p>\n<\/div><div class=\"fusion-clearfix\"><\/div><\/div><\/div><\/div><\/div><\/p>\n","protected":false},"excerpt":{"rendered":"","protected":false},"author":2,"featured_media":0,"parent":0,"menu_order":0,"comment_status":"closed","ping_status":"closed","template":"100-width.php","meta":{"inline_featured_image":false,"footnotes":""},"class_list":["post-47664","page","type-page","status-publish","hentry"],"_links":{"self":[{"href":"https:\/\/www.irrisarriland.com\/fr\/wp-json\/wp\/v2\/pages\/47664","targetHints":{"allow":["GET"]}}],"collection":[{"href":"https:\/\/www.irrisarriland.com\/fr\/wp-json\/wp\/v2\/pages"}],"about":[{"href":"https:\/\/www.irrisarriland.com\/fr\/wp-json\/wp\/v2\/types\/page"}],"author":[{"embeddable":true,"href":"https:\/\/www.irrisarriland.com\/fr\/wp-json\/wp\/v2\/users\/2"}],"replies":[{"embeddable":true,"href":"https:\/\/www.irrisarriland.com\/fr\/wp-json\/wp\/v2\/comments?post=47664"}],"version-history":[{"count":0,"href":"https:\/\/www.irrisarriland.com\/fr\/wp-json\/wp\/v2\/pages\/47664\/revisions"}],"wp:attachment":[{"href":"https:\/\/www.irrisarriland.com\/fr\/wp-json\/wp\/v2\/media?parent=47664"}],"curies":[{"name":"wp","href":"https:\/\/api.w.org\/{rel}","templated":true}]}}